{"id":180,"date":"2025-09-26T12:12:53","date_gmt":"2025-09-26T15:12:53","guid":{"rendered":"https:\/\/staging1.fazedit.com.br\/?page_id=180"},"modified":"2025-09-26T12:33:08","modified_gmt":"2025-09-26T15:33:08","slug":"blog","status":"publish","type":"page","link":"https:\/\/staging1.fazedit.com.br\/index.php\/blog\/","title":{"rendered":"Blog"},"content":{"rendered":"\t\t<div data-elementor-type=\"wp-page\" data-elementor-id=\"180\" class=\"elementor elementor-180\" data-elementor-post-type=\"page\">\n\t\t\t\t<div class=\"elementor-element elementor-element-639cb795 e-flex e-con-boxed e-con e-parent\" data-id=\"639cb795\" data-element_type=\"container\" data-settings=\"{&quot;background_background&quot;:&quot;classic&quot;}\">\n\t\t\t\t\t<div class=\"e-con-inner\">\n\t\t\t\t<div class=\"elementor-element elementor-element-6861cf1 elementor-widget__width-inherit elementor-widget elementor-widget-heading\" data-id=\"6861cf1\" data-element_type=\"widget\" data-widget_type=\"heading.default\">\n\t\t\t\t\t<h2 class=\"elementor-heading-title elementor-size-default\">Blog<\/h2>\t\t\t\t<\/div>\n\t\t\t\t\t<\/div>\n\t\t\t\t<\/div>\n\t\t<div class=\"elementor-element elementor-element-51fc04a e-flex e-con-boxed e-con e-parent\" data-id=\"51fc04a\" data-element_type=\"container\">\n\t\t\t\t\t<div class=\"e-con-inner\">\n\t\t\t\t<div class=\"elementor-element elementor-element-a03660e elementor-grid-3 elementor-grid-tablet-2 elementor-grid-mobile-1 elementor-posts--thumbnail-top load-more-align-center elementor-widget elementor-widget-posts\" data-id=\"a03660e\" data-element_type=\"widget\" data-settings=\"{&quot;pagination_type&quot;:&quot;load_more_on_click&quot;,&quot;classic_columns&quot;:&quot;3&quot;,&quot;classic_columns_tablet&quot;:&quot;2&quot;,&quot;classic_columns_mobile&quot;:&quot;1&quot;,&quot;classic_row_gap&quot;:{&quot;unit&quot;:&quot;px&quot;,&quot;size&quot;:35,&quot;sizes&quot;:[]},&quot;classic_row_gap_tablet&quot;:{&quot;unit&quot;:&quot;px&quot;,&quot;size&quot;:&quot;&quot;,&quot;sizes&quot;:[]},&quot;classic_row_gap_mobile&quot;:{&quot;unit&quot;:&quot;px&quot;,&quot;size&quot;:&quot;&quot;,&quot;sizes&quot;:[]},&quot;load_more_spinner&quot;:{&quot;value&quot;:&quot;fas fa-spinner&quot;,&quot;library&quot;:&quot;fa-solid&quot;}}\" data-widget_type=\"posts.classic\">\n\t\t\t\t<div class=\"elementor-widget-container\">\n\t\t\t\t\t\t\t<div class=\"elementor-posts-container elementor-posts elementor-posts--skin-classic elementor-grid\" role=\"list\">\n\t\t\t\t<article class=\"elementor-post elementor-grid-item post-208 post type-post status-publish format-standard has-post-thumbnail hentry category-tributaria\" role=\"listitem\">\n\t\t\t\t<a class=\"elementor-post__thumbnail__link\" href=\"https:\/\/staging1.fazedit.com.br\/index.php\/2025\/09\/26\/direito-tributario-descomplicado-orientacoes-essenciais-para-empresas-e-pessoas-fisicas\/\" tabindex=\"-1\" >\n\t\t\t<div class=\"elementor-post__thumbnail\"><img fetchpriority=\"high\" decoding=\"async\" width=\"800\" height=\"533\" src=\"https:\/\/staging1.fazedit.com.br\/wp-content\/uploads\/2025\/09\/160246-800-auto.webp\" class=\"attachment-full size-full wp-image-209\" alt=\"\" srcset=\"https:\/\/staging1.fazedit.com.br\/wp-content\/uploads\/2025\/09\/160246-800-auto.webp 800w, https:\/\/staging1.fazedit.com.br\/wp-content\/uploads\/2025\/09\/160246-800-auto-300x200.webp 300w, https:\/\/staging1.fazedit.com.br\/wp-content\/uploads\/2025\/09\/160246-800-auto-768x512.webp 768w\" sizes=\"(max-width: 800px) 100vw, 800px\" \/><\/div>\n\t\t<\/a>\n\t\t\t\t<div class=\"elementor-post__text\">\n\t\t\t\t<h3 class=\"elementor-post__title\">\n\t\t\t<a href=\"https:\/\/staging1.fazedit.com.br\/index.php\/2025\/09\/26\/direito-tributario-descomplicado-orientacoes-essenciais-para-empresas-e-pessoas-fisicas\/\" >\n\t\t\t\tDireito Tribut\u00e1rio descomplicado: orienta\u00e7\u00f5es essenciais para empresas e pessoas f\u00edsicas\t\t\t<\/a>\n\t\t<\/h3>\n\t\t\t\t<div class=\"elementor-post__meta-data\">\n\t\t\t\t\t<span class=\"elementor-post-date\">\n\t\t\t26 de setembro de 2025\t\t<\/span>\n\t\t\t\t<\/div>\n\t\t\t\t<div class=\"elementor-post__excerpt\">\n\t\t\t<p>O sistema tribut\u00e1rio brasileiro \u00e9 conhecido por sua complexidade. S\u00e3o diversos impostos, taxas e contribui\u00e7\u00f5es que incidem sobre bens, servi\u00e7os, rendas e transa\u00e7\u00f5es. Essa multiplicidade de normas pode confundir tanto<\/p>\n\t\t<\/div>\n\t\t\n\t\t<a class=\"elementor-post__read-more\" href=\"https:\/\/staging1.fazedit.com.br\/index.php\/2025\/09\/26\/direito-tributario-descomplicado-orientacoes-essenciais-para-empresas-e-pessoas-fisicas\/\" aria-label=\"Leia mais sobre Direito Tribut\u00e1rio descomplicado: orienta\u00e7\u00f5es essenciais para empresas e pessoas f\u00edsicas\" tabindex=\"-1\" >\n\t\t\tLeia mais \u00bb\t\t<\/a>\n\n\t\t\t\t<\/div>\n\t\t\t\t<\/article>\n\t\t\t\t<article class=\"elementor-post elementor-grid-item post-205 post type-post status-publish format-standard has-post-thumbnail hentry category-trabalhista\" role=\"listitem\">\n\t\t\t\t<a class=\"elementor-post__thumbnail__link\" href=\"https:\/\/staging1.fazedit.com.br\/index.php\/2025\/09\/26\/trabalhador-saiba-como-garantir-seus-direitos-na-pratica\/\" tabindex=\"-1\" >\n\t\t\t<div class=\"elementor-post__thumbnail\"><img decoding=\"async\" width=\"1500\" height=\"700\" src=\"https:\/\/staging1.fazedit.com.br\/wp-content\/uploads\/2025\/09\/O-que-muda-com-a-reforma-trabalhista.jpg\" class=\"attachment-full size-full wp-image-206\" alt=\"\" srcset=\"https:\/\/staging1.fazedit.com.br\/wp-content\/uploads\/2025\/09\/O-que-muda-com-a-reforma-trabalhista.jpg 1500w, https:\/\/staging1.fazedit.com.br\/wp-content\/uploads\/2025\/09\/O-que-muda-com-a-reforma-trabalhista-300x140.jpg 300w, https:\/\/staging1.fazedit.com.br\/wp-content\/uploads\/2025\/09\/O-que-muda-com-a-reforma-trabalhista-1024x478.jpg 1024w, https:\/\/staging1.fazedit.com.br\/wp-content\/uploads\/2025\/09\/O-que-muda-com-a-reforma-trabalhista-768x358.jpg 768w\" sizes=\"(max-width: 1500px) 100vw, 1500px\" \/><\/div>\n\t\t<\/a>\n\t\t\t\t<div class=\"elementor-post__text\">\n\t\t\t\t<h3 class=\"elementor-post__title\">\n\t\t\t<a href=\"https:\/\/staging1.fazedit.com.br\/index.php\/2025\/09\/26\/trabalhador-saiba-como-garantir-seus-direitos-na-pratica\/\" >\n\t\t\t\tTrabalhador, saiba como garantir seus direitos na pr\u00e1tica\t\t\t<\/a>\n\t\t<\/h3>\n\t\t\t\t<div class=\"elementor-post__meta-data\">\n\t\t\t\t\t<span class=\"elementor-post-date\">\n\t\t\t26 de setembro de 2025\t\t<\/span>\n\t\t\t\t<\/div>\n\t\t\t\t<div class=\"elementor-post__excerpt\">\n\t\t\t<p>No Brasil, a legisla\u00e7\u00e3o trabalhista \u00e9 uma das mais completas do mundo. Mesmo assim, milhares de trabalhadores ainda sofrem com abusos, desinforma\u00e7\u00e3o ou simplesmente deixam de exercer seus direitos por<\/p>\n\t\t<\/div>\n\t\t\n\t\t<a class=\"elementor-post__read-more\" href=\"https:\/\/staging1.fazedit.com.br\/index.php\/2025\/09\/26\/trabalhador-saiba-como-garantir-seus-direitos-na-pratica\/\" aria-label=\"Leia mais sobre Trabalhador, saiba como garantir seus direitos na pr\u00e1tica\" tabindex=\"-1\" >\n\t\t\tLeia mais \u00bb\t\t<\/a>\n\n\t\t\t\t<\/div>\n\t\t\t\t<\/article>\n\t\t\t\t<article class=\"elementor-post elementor-grid-item post-202 post type-post status-publish format-standard has-post-thumbnail hentry category-imobiliaria\" role=\"listitem\">\n\t\t\t\t<a class=\"elementor-post__thumbnail__link\" href=\"https:\/\/staging1.fazedit.com.br\/index.php\/2025\/09\/26\/regularizacao-de-imoveis-passo-a-passo-para-evitar-problemas-juridicos\/\" tabindex=\"-1\" >\n\t\t\t<div class=\"elementor-post__thumbnail\"><img decoding=\"async\" width=\"400\" height=\"300\" src=\"https:\/\/staging1.fazedit.com.br\/wp-content\/uploads\/2025\/09\/0-1.jpg\" class=\"attachment-full size-full wp-image-203\" alt=\"\" srcset=\"https:\/\/staging1.fazedit.com.br\/wp-content\/uploads\/2025\/09\/0-1.jpg 400w, https:\/\/staging1.fazedit.com.br\/wp-content\/uploads\/2025\/09\/0-1-300x225.jpg 300w\" sizes=\"(max-width: 400px) 100vw, 400px\" \/><\/div>\n\t\t<\/a>\n\t\t\t\t<div class=\"elementor-post__text\">\n\t\t\t\t<h3 class=\"elementor-post__title\">\n\t\t\t<a href=\"https:\/\/staging1.fazedit.com.br\/index.php\/2025\/09\/26\/regularizacao-de-imoveis-passo-a-passo-para-evitar-problemas-juridicos\/\" >\n\t\t\t\tRegulariza\u00e7\u00e3o de im\u00f3veis: passo a passo para evitar problemas jur\u00eddicos\t\t\t<\/a>\n\t\t<\/h3>\n\t\t\t\t<div class=\"elementor-post__meta-data\">\n\t\t\t\t\t<span class=\"elementor-post-date\">\n\t\t\t26 de setembro de 2025\t\t<\/span>\n\t\t\t\t<\/div>\n\t\t\t\t<div class=\"elementor-post__excerpt\">\n\t\t\t<p>Adquirir ou construir um im\u00f3vel \u00e9 um grande investimento, mas muitas vezes a falta de regulariza\u00e7\u00e3o pode gerar s\u00e9rios problemas no futuro. Um im\u00f3vel irregular pode trazer dificuldades para venda,<\/p>\n\t\t<\/div>\n\t\t\n\t\t<a class=\"elementor-post__read-more\" href=\"https:\/\/staging1.fazedit.com.br\/index.php\/2025\/09\/26\/regularizacao-de-imoveis-passo-a-passo-para-evitar-problemas-juridicos\/\" aria-label=\"Leia mais sobre Regulariza\u00e7\u00e3o de im\u00f3veis: passo a passo para evitar problemas jur\u00eddicos\" tabindex=\"-1\" >\n\t\t\tLeia mais \u00bb\t\t<\/a>\n\n\t\t\t\t<\/div>\n\t\t\t\t<\/article>\n\t\t\t\t<\/div>\n\t\t\t\t\t<span class=\"e-load-more-spinner\">\n\t\t\t\t<svg aria-hidden=\"true\" class=\"e-font-icon-svg e-fas-spinner\" viewBox=\"0 0 512 512\" xmlns=\"http:\/\/www.w3.org\/2000\/svg\"><path d=\"M304 48c0 26.51-21.49 48-48 48s-48-21.49-48-48 21.49-48 48-48 48 21.49 48 48zm-48 368c-26.51 0-48 21.49-48 48s21.49 48 48 48 48-21.49 48-48-21.49-48-48-48zm208-208c-26.51 0-48 21.49-48 48s21.49 48 48 48 48-21.49 48-48-21.49-48-48-48zM96 256c0-26.51-21.49-48-48-48S0 229.49 0 256s21.49 48 48 48 48-21.49 48-48zm12.922 99.078c-26.51 0-48 21.49-48 48s21.49 48 48 48 48-21.49 48-48c0-26.509-21.491-48-48-48zm294.156 0c-26.51 0-48 21.49-48 48s21.49 48 48 48 48-21.49 48-48c0-26.509-21.49-48-48-48zM108.922 60.922c-26.51 0-48 21.49-48 48s21.49 48 48 48 48-21.49 48-48-21.491-48-48-48z\"><\/path><\/svg>\t\t\t<\/span>\n\t\t\n\t\t\t\t<div class=\"e-load-more-anchor\" data-page=\"1\" data-max-page=\"3\" data-next-page=\"https:\/\/staging1.fazedit.com.br\/index.php\/wp-json\/wp\/v2\/pages\/180\/page\/2\/\"><\/div>\n\t\t\t\t<div class=\"elementor-button-wrapper\">\n\t\t\t<a href=\"#\" class=\"elementor-button-link elementor-button\" role=\"button\">\n\t\t\t\t\t\t<span class=\"elementor-button-content-wrapper\">\n\t\t\t\t\t\t\t<span class=\"elementor-button-icon\">\n\t\t\t\t<svg aria-hidden=\"true\" class=\"e-font-icon-svg e-far-arrow-alt-circle-down\" viewBox=\"0 0 512 512\" xmlns=\"http:\/\/www.w3.org\/2000\/svg\"><path d=\"M256 8C119 8 8 119 8 256s111 248 248 248 248-111 248-248S393 8 256 8zm0 448c-110.5 0-200-89.5-200-200S145.5 56 256 56s200 89.5 200 200-89.5 200-200 200zm-32-316v116h-67c-10.7 0-16 12.9-8.5 20.5l99 99c4.7 4.7 12.3 4.7 17 0l99-99c7.6-7.6 2.2-20.5-8.5-20.5h-67V140c0-6.6-5.4-12-12-12h-40c-6.6 0-12 5.4-12 12z\"><\/path><\/svg>\t\t\t<\/span>\n\t\t\t\t\t\t\t\t\t<span class=\"elementor-button-text\">Carregar mais<\/span>\n\t\t\t\t\t<\/span>\n\t\t\t\t\t<\/a>\n\t\t<\/div>\n\t\t\t\t<div class=\"e-load-more-message\"><\/div>\n\t\t\t\t\t\t<\/div>\n\t\t\t\t<\/div>\n\t\t\t\t<div class=\"elementor-element elementor-element-35b6503 elementor-widget elementor-widget-spacer\" data-id=\"35b6503\" data-element_type=\"widget\" data-widget_type=\"spacer.default\">\n\t\t\t\t\t\t\t<div class=\"elementor-spacer\">\n\t\t\t<div class=\"elementor-spacer-inner\"><\/div>\n\t\t<\/div>\n\t\t\t\t\t\t<\/div>\n\t\t\t\t<div class=\"elementor-element elementor-element-8b50303 elementor-align-center elementor-widget elementor-widget-button\" data-id=\"8b50303\" data-element_type=\"widget\" data-widget_type=\"button.default\">\n\t\t\t\t\t\t\t\t\t\t<a class=\"elementor-button elementor-button-link elementor-size-sm\" href=\"#Contato\">\n\t\t\t\t\t\t<span class=\"elementor-button-content-wrapper\">\n\t\t\t\t\t\t<span class=\"elementor-button-icon\">\n\t\t\t\t<svg aria-hidden=\"true\" class=\"e-font-icon-svg e-fas-arrow-alt-circle-down\" viewBox=\"0 0 512 512\" xmlns=\"http:\/\/www.w3.org\/2000\/svg\"><path d=\"M504 256c0 137-111 248-248 248S8 393 8 256 119 8 256 8s248 111 248 248zM212 140v116h-70.9c-10.7 0-16.1 13-8.5 20.5l114.9 114.3c4.7 4.7 12.2 4.7 16.9 0l114.9-114.3c7.6-7.6 2.2-20.5-8.5-20.5H300V140c0-6.6-5.4-12-12-12h-64c-6.6 0-12 5.4-12 12z\"><\/path><\/svg>\t\t\t<\/span>\n\t\t\t\t\t\t\t\t\t<span class=\"elementor-button-text\">Ver mais<\/span>\n\t\t\t\t\t<\/span>\n\t\t\t\t\t<\/a>\n\t\t\t\t\t\t\t\t<\/div>\n\t\t\t\t\t<\/div>\n\t\t\t\t<\/div>\n\t\t\t\t<\/div>\n\t\t","protected":false},"excerpt":{"rendered":"<p>Blog Ver mais<\/p>\n","protected":false},"author":1,"featured_media":0,"parent":0,"menu_order":0,"comment_status":"closed","ping_status":"closed","template":"","meta":{"footnotes":""},"class_list":["post-180","page","type-page","status-publish","hentry"],"_links":{"self":[{"href":"https:\/\/staging1.fazedit.com.br\/index.php\/wp-json\/wp\/v2\/pages\/180","targetHints":{"allow":["GET"]}}],"collection":[{"href":"https:\/\/staging1.fazedit.com.br\/index.php\/wp-json\/wp\/v2\/pages"}],"about":[{"href":"https:\/\/staging1.fazedit.com.br\/index.php\/wp-json\/wp\/v2\/types\/page"}],"author":[{"embeddable":true,"href":"https:\/\/staging1.fazedit.com.br\/index.php\/wp-json\/wp\/v2\/users\/1"}],"replies":[{"embeddable":true,"href":"https:\/\/staging1.fazedit.com.br\/index.php\/wp-json\/wp\/v2\/comments?post=180"}],"version-history":[{"count":9,"href":"https:\/\/staging1.fazedit.com.br\/index.php\/wp-json\/wp\/v2\/pages\/180\/revisions"}],"predecessor-version":[{"id":201,"href":"https:\/\/staging1.fazedit.com.br\/index.php\/wp-json\/wp\/v2\/pages\/180\/revisions\/201"}],"wp:attachment":[{"href":"https:\/\/staging1.fazedit.com.br\/index.php\/wp-json\/wp\/v2\/media?parent=180"}],"curies":[{"name":"wp","href":"https:\/\/api.w.org\/{rel}","templated":true}]}}